{"id":1147,"date":"2019-10-23T14:17:11","date_gmt":"2019-10-23T14:17:11","guid":{"rendered":"http:\/\/zborsolidarity.eu\/?page_id=1147"},"modified":"2021-05-13T20:41:53","modified_gmt":"2021-05-13T20:41:53","slug":"ako-sa-zapojit","status":"publish","type":"page","link":"https:\/\/zborsolidarity.eu\/en\/zona-ucastnik\/ako-sa-zapojit\/","title":{"rendered":"Ako sa zapoji\u0165"},"content":{"rendered":"\t\t<div data-elementor-type=\"wp-page\" data-elementor-id=\"1147\" class=\"elementor elementor-1147\">\n\t\t\t\t\t\t<section class=\"elementor-section elementor-top-section elementor-element elementor-element-6ce81685 elementor-reverse-tablet elementor-reverse-mobile elementor-section-boxed elementor-section-height-default elementor-section-height-default\" data-id=\"6ce81685\" data-element_type=\"section\" data-e-type=\"section\">\n\t\t\t\t\t\t<div class=\"elementor-container elementor-column-gap-default\">\n\t\t\t\t\t<div class=\"aux-parallax-section elementor-column elementor-col-50 elementor-top-column elementor-element elementor-element-b27ba7d aux-appear-watch-animation aux-fade-in-up\" data-id=\"b27ba7d\" data-element_type=\"column\" data-e-type=\"column\">\n\t\t\t<div class=\"elementor-widget-wrap elementor-element-populated\">\n\t\t\t\t\t\t<div class=\"elementor-element elementor-element-6fd0e1b7 elementor-widget elementor-widget-text-editor\" data-id=\"6fd0e1b7\" data-element_type=\"widget\" data-e-type=\"widget\" data-widget_type=\"text-editor.default\">\n\t\t\t\t<div class=\"elementor-widget-container\">\n\t\t\t\t\t\t\t\t\t\n<p>Ako mlad\u00fd \u010dlovek m\u00e1\u0161 nieko\u013eko r\u00f4znych mo\u017enost\u00ed ako si vyh\u013eada\u0165 dobrovo\u013en\u00edcky projekt svojich snov. Av\u0161ak tvoj prv\u00fd krok by mala by\u0165 <strong>registr\u00e1cia v datab\u00e1ze<\/strong> <a href=\"https:\/\/europa.eu\/youth\/solidarity\/young-people\/about_sk\" target=\"_blank\" rel=\"noreferrer noopener\" data-wplink-edit=\"true\">Eur\u00f3pskeho zboru solidarity<\/a>.<\/p>\n\t\t\t\t\t\t\t\t<\/div>\n\t\t\t\t<\/div>\n\t\t\t\t<div class=\"elementor-element elementor-element-c15c940 elementor-widget elementor-widget-text-editor\" data-id=\"c15c940\" data-element_type=\"widget\" data-e-type=\"widget\" data-widget_type=\"text-editor.default\">\n\t\t\t\t<div class=\"elementor-widget-container\">\n\t\t\t\t\t\t\t\t\t\n<p>T\u00e1to datab\u00e1za ti poskytuje <strong>jedno pr\u00edstupov\u00e9 miesto<\/strong> ku v\u0161etk\u00fdm pr\u00edle\u017eitostiam ktor\u00e9 pon\u00faka Eur\u00f3psky zbor solidarity, m\u00f4\u017ee\u0161 si s\u00e1m prezrie\u0165 ponuky, ktor\u00e9 organiz\u00e1cie pon\u00fakaj\u00fa, alebo m\u00f4\u017ee\u0161 vyplni\u0165 svoj profil (zapracova\u0165 aj svoje o\u010dak\u00e1vania, ciele, motiv\u00e1ciu a t\u00e9my, ktor\u00e9 by \u0165a v projektoch zauj\u00edmali) a by\u0165 priamo kontaktovan\u00fd organiz\u00e1ciou, ktor\u00e1 h\u013ead\u00e1 \u00fa\u010dastn\u00edka ako si Ty!<\/p>\n\n<p>Datab\u00e1za pon\u00faka tie\u017e mo\u017enos\u0165 zapoji\u0165 sa do projektov v oblasti solidarity, alebo <strong>online kurz (GOT)<\/strong> ktor\u00fd ti predstav\u00ed a priprav\u00ed \u0164a na cel\u00fd program od za\u010diatku a\u017e do konca.<\/p>\n\n<p>Ak si si u\u017e vybral projekt, ktor\u00fd by \u0165a zaujal a si pripraven\u00fd vycestova\u0165, mala by \u0165a kontaktova\u0165 <strong>podporn\u00e1 organiz\u00e1cia<\/strong>, ktor\u00e1 s\u00eddli v tvojej krajine a bude ti poskytova\u0165 podporu, ktor\u00fa bude\u0161 potrebova\u0165 pri pr\u00edprave na projekt, po\u010das projektu, alebo po n\u00e1vrate z projektu nasp\u00e4\u0165 domov.<\/p>\n\n<p>Podporn\u00e1 a hostite\u013esk\u00e1 organiz\u00e1cia by ti mali poskytn\u00fa\u0165 v\u0161etky inform\u00e1cie a zabezpe\u010di\u0165 nutn\u00e9 povolenia\/cestovn\u00e9 l\u00edstky potrebn\u00e9 k tomu aby si mohol bez ob\u00e1v vycestova\u0165 na projekt.<\/p>\n\n<p>V pr\u00edpade \u017ee by si potreboval \u010fal\u0161ie inform\u00e1cie o programe, alebo procese \u00fa\u010dasti na aktivit\u00e1ch, nev\u00e1haj sa na n\u00e1s obr\u00e1ti\u0165. Na tejto <a href=\"https:\/\/zborsolidarity.eu\/kontakt\/\">str\u00e1nke<\/a> m\u00f4\u017ee\u0161 n\u00e1js\u0165 kontakty na relevantn\u00e9 osoby v N\u00e1rodnej agent\u00fare.<\/p>\n\t\t\t\t\t\t\t\t<\/div>\n\t\t\t\t<\/div>\n\t\t\t\t<div class=\"elementor-element elementor-element-1e4f180 aux-appear-watch-animation aux-fade-in-up-1 elementor-widget elementor-widget-aux_button\" data-id=\"1e4f180\" data-element_type=\"widget\" data-e-type=\"widget\" data-widget_type=\"aux_button.default\">\n\t\t\t\t<div class=\"elementor-widget-container\">\n\t\t\t\t\t<a  href=\"https:\/\/europa.eu\/youth\/solidarity\/young-people\/about_sk\" target=\"_blank\"   class=\"aux-button aux-small aux-carmine-pink aux-curve aux-none aux-uppercase\" ><span class=\"aux-overlay\"><\/span><span class=\"aux-text\">Registr\u00e1cia<\/span><\/a>\t\t\t\t<\/div>\n\t\t\t\t<\/div>\n\t\t\t\t\t<\/div>\n\t\t<\/div>\n\t\t\t\t<div class=\"aux-parallax-section elementor-column elementor-col-50 elementor-top-column elementor-element elementor-element-42a2e53a\" data-id=\"42a2e53a\" data-element_type=\"column\" data-e-type=\"column\">\n\t\t\t<div class=\"elementor-widget-wrap elementor-element-populated\">\n\t\t\t\t\t\t<div class=\"elementor-element elementor-element-656c0c1 elementor-invisible elementor-widget elementor-widget-image\" data-id=\"656c0c1\" data-element_type=\"widget\" data-e-type=\"widget\" data-settings=\"{&quot;_animation&quot;:&quot;fadeInRight&quot;}\" data-widget_type=\"image.default\">\n\t\t\t\t<div class=\"elementor-widget-container\">\n\t\t\t\t\t\t\t\t\t\t\t\t\t\t\t<img fetchpriority=\"high\" decoding=\"async\" width=\"626\" height=\"417\" src=\"https:\/\/zborsolidarity.eu\/wp-content\/uploads\/2021\/05\/ako-sa-zapojit-dodobrovolnickeho-projektu-zbor-solidarity.jpg\" class=\"elementor-animation-rotate attachment-full size-full wp-image-2643\" alt=\"\" \/>\t\t\t\t\t\t\t\t\t\t\t\t\t\t\t<\/div>\n\t\t\t\t<\/div>\n\t\t\t\t\t<\/div>\n\t\t<\/div>\n\t\t\t\t\t<\/div>\n\t\t<\/section>\n\t\t\t\t<\/div>\n\t\t","protected":false},"excerpt":{"rendered":"<p>Ako mlad\u00fd \u010dlovek m\u00e1\u0161 nieko\u013eko r\u00f4znych mo\u017enost\u00ed ako si vyh\u013eada\u0165 dobrovo\u013en\u00edcky projekt svojich snov. Av\u0161ak tvoj prv\u00fd krok by mala by\u0165 registr\u00e1cia v datab\u00e1ze Eur\u00f3pskeho zboru solidarity. T\u00e1to datab\u00e1za ti&#8230;<\/p>\n","protected":false},"author":1,"featured_media":0,"parent":70,"menu_order":0,"comment_status":"closed","ping_status":"closed","template":"","meta":{"footnotes":""},"class_list":["post-1147","page","type-page","status-publish","hentry"],"translation":{"provider":"WPGlobus","version":"3.0.2","language":"en","enabled_languages":["sk","en"],"languages":{"sk":{"title":true,"content":true,"excerpt":false},"en":{"title":false,"content":false,"excerpt":false}}},"yoast_head":"<!-- This site is optimized with the Yoast SEO plugin v26.9 - https:\/\/yoast.com\/product\/yoast-seo-wordpress\/ -->\n<title>Ako sa zapoji\u0165 - European Solidarity Corps<\/title>\n<meta name=\"robots\" content=\"index, follow, max-snippet:-1, max-image-preview:large, max-video-preview:-1\" \/>\n<link rel=\"canonical\" href=\"https:\/\/zborsolidarity.eu\/zona-ucastnik\/ako-sa-zapojit\/\" \/>\n<meta property=\"og:locale\" content=\"en_US\" \/>\n<meta property=\"og:type\" content=\"article\" \/>\n<meta property=\"og:title\" content=\"Ako sa zapoji\u0165 - European Solidarity Corps\" \/>\n<meta property=\"og:url\" content=\"https:\/\/zborsolidarity.eu\/zona-ucastnik\/ako-sa-zapojit\/\" \/>\n<meta property=\"og:site_name\" content=\"European Solidarity Corps\" \/>\n<meta property=\"article:modified_time\" content=\"2021-05-13T20:41:53+00:00\" \/>\n<meta property=\"og:image\" content=\"https:\/\/zborsolidarity.eu\/wp-content\/uploads\/2021\/05\/ako-sa-zapojit-dodobrovolnickeho-projektu-zbor-solidarity.jpg\" \/>\n<meta name=\"twitter:card\" content=\"summary_large_image\" \/>\n<meta name=\"twitter:label1\" content=\"Est. reading time\" \/>\n\t<meta name=\"twitter:data1\" content=\"2 minutes\" \/>\n<script type=\"application\/ld+json\" class=\"yoast-schema-graph\">{\"@context\":\"https:\/\/schema.org\",\"@graph\":[{\"@type\":\"WebPage\",\"@id\":\"https:\/\/zborsolidarity.eu\/zona-ucastnik\/ako-sa-zapojit\/\",\"url\":\"https:\/\/zborsolidarity.eu\/zona-ucastnik\/ako-sa-zapojit\/\",\"name\":\"Ako sa zapoji\u0165 - European Solidarity Corps\",\"isPartOf\":{\"@id\":\"https:\/\/zborsolidarity.eu\/#website\"},\"primaryImageOfPage\":{\"@id\":\"https:\/\/zborsolidarity.eu\/zona-ucastnik\/ako-sa-zapojit\/#primaryimage\"},\"image\":{\"@id\":\"https:\/\/zborsolidarity.eu\/zona-ucastnik\/ako-sa-zapojit\/#primaryimage\"},\"thumbnailUrl\":\"https:\/\/zborsolidarity.eu\/wp-content\/uploads\/2021\/05\/ako-sa-zapojit-dodobrovolnickeho-projektu-zbor-solidarity.jpg\",\"datePublished\":\"2019-10-23T14:17:11+00:00\",\"dateModified\":\"2021-05-13T20:41:53+00:00\",\"breadcrumb\":{\"@id\":\"https:\/\/zborsolidarity.eu\/zona-ucastnik\/ako-sa-zapojit\/#breadcrumb\"},\"inLanguage\":\"en-US\",\"potentialAction\":[{\"@type\":\"ReadAction\",\"target\":[\"https:\/\/zborsolidarity.eu\/zona-ucastnik\/ako-sa-zapojit\/\"]}]},{\"@type\":\"ImageObject\",\"inLanguage\":\"en-US\",\"@id\":\"https:\/\/zborsolidarity.eu\/zona-ucastnik\/ako-sa-zapojit\/#primaryimage\",\"url\":\"https:\/\/zborsolidarity.eu\/wp-content\/uploads\/2021\/05\/ako-sa-zapojit-dodobrovolnickeho-projektu-zbor-solidarity.jpg\",\"contentUrl\":\"https:\/\/zborsolidarity.eu\/wp-content\/uploads\/2021\/05\/ako-sa-zapojit-dodobrovolnickeho-projektu-zbor-solidarity.jpg\"},{\"@type\":\"BreadcrumbList\",\"@id\":\"https:\/\/zborsolidarity.eu\/zona-ucastnik\/ako-sa-zapojit\/#breadcrumb\",\"itemListElement\":[{\"@type\":\"ListItem\",\"position\":1,\"name\":\"Domovsk\u00e1 str\u00e1nka\",\"item\":\"https:\/\/zborsolidarity.eu\/\"},{\"@type\":\"ListItem\",\"position\":2,\"name\":\"Z\u00f3na \u00fa\u010dastn\u00edk\",\"item\":\"https:\/\/zborsolidarity.eu\/zona-ucastnik\/\"},{\"@type\":\"ListItem\",\"position\":3,\"name\":\"Ako sa zapoji\u0165\"}]},{\"@type\":\"WebSite\",\"@id\":\"https:\/\/zborsolidarity.eu\/#website\",\"url\":\"https:\/\/zborsolidarity.eu\/\",\"name\":\"European Solidarity Corps\",\"description\":\"\",\"publisher\":{\"@id\":\"https:\/\/zborsolidarity.eu\/#organization\"},\"potentialAction\":[{\"@type\":\"SearchAction\",\"target\":{\"@type\":\"EntryPoint\",\"urlTemplate\":\"https:\/\/zborsolidarity.eu\/?s={search_term_string}\"},\"query-input\":{\"@type\":\"PropertyValueSpecification\",\"valueRequired\":true,\"valueName\":\"search_term_string\"}}],\"inLanguage\":\"en-US\"},{\"@type\":\"Organization\",\"@id\":\"https:\/\/zborsolidarity.eu\/#organization\",\"name\":\"European Solidarity Corps\",\"url\":\"https:\/\/zborsolidarity.eu\/\",\"logo\":{\"@type\":\"ImageObject\",\"inLanguage\":\"en-US\",\"@id\":\"https:\/\/zborsolidarity.eu\/#\/schema\/logo\/image\/\",\"url\":\"https:\/\/zborsolidarity.eu\/wp-content\/uploads\/2020\/10\/zbor_solidarity_logo.png\",\"contentUrl\":\"https:\/\/zborsolidarity.eu\/wp-content\/uploads\/2020\/10\/zbor_solidarity_logo.png\",\"width\":600,\"height\":165,\"caption\":\"European Solidarity Corps\"},\"image\":{\"@id\":\"https:\/\/zborsolidarity.eu\/#\/schema\/logo\/image\/\"}}]}<\/script>\n<!-- \/ Yoast SEO plugin. -->","yoast_head_json":{"title":"Ako sa zapoji\u0165 - European Solidarity Corps","robots":{"index":"index","follow":"follow","max-snippet":"max-snippet:-1","max-image-preview":"max-image-preview:large","max-video-preview":"max-video-preview:-1"},"canonical":"https:\/\/zborsolidarity.eu\/zona-ucastnik\/ako-sa-zapojit\/","og_locale":"en_US","og_type":"article","og_title":"Ako sa zapoji\u0165 - European Solidarity Corps","og_url":"https:\/\/zborsolidarity.eu\/zona-ucastnik\/ako-sa-zapojit\/","og_site_name":"European Solidarity Corps","article_modified_time":"2021-05-13T20:41:53+00:00","og_image":[{"url":"https:\/\/zborsolidarity.eu\/wp-content\/uploads\/2021\/05\/ako-sa-zapojit-dodobrovolnickeho-projektu-zbor-solidarity.jpg","type":"","width":"","height":""}],"twitter_card":"summary_large_image","twitter_misc":{"Est. reading time":"2 minutes"},"schema":{"@context":"https:\/\/schema.org","@graph":[{"@type":"WebPage","@id":"https:\/\/zborsolidarity.eu\/zona-ucastnik\/ako-sa-zapojit\/","url":"https:\/\/zborsolidarity.eu\/zona-ucastnik\/ako-sa-zapojit\/","name":"Ako sa zapoji\u0165 - European Solidarity Corps","isPartOf":{"@id":"https:\/\/zborsolidarity.eu\/#website"},"primaryImageOfPage":{"@id":"https:\/\/zborsolidarity.eu\/zona-ucastnik\/ako-sa-zapojit\/#primaryimage"},"image":{"@id":"https:\/\/zborsolidarity.eu\/zona-ucastnik\/ako-sa-zapojit\/#primaryimage"},"thumbnailUrl":"https:\/\/zborsolidarity.eu\/wp-content\/uploads\/2021\/05\/ako-sa-zapojit-dodobrovolnickeho-projektu-zbor-solidarity.jpg","datePublished":"2019-10-23T14:17:11+00:00","dateModified":"2021-05-13T20:41:53+00:00","breadcrumb":{"@id":"https:\/\/zborsolidarity.eu\/zona-ucastnik\/ako-sa-zapojit\/#breadcrumb"},"inLanguage":"en-US","potentialAction":[{"@type":"ReadAction","target":["https:\/\/zborsolidarity.eu\/zona-ucastnik\/ako-sa-zapojit\/"]}]},{"@type":"ImageObject","inLanguage":"en-US","@id":"https:\/\/zborsolidarity.eu\/zona-ucastnik\/ako-sa-zapojit\/#primaryimage","url":"https:\/\/zborsolidarity.eu\/wp-content\/uploads\/2021\/05\/ako-sa-zapojit-dodobrovolnickeho-projektu-zbor-solidarity.jpg","contentUrl":"https:\/\/zborsolidarity.eu\/wp-content\/uploads\/2021\/05\/ako-sa-zapojit-dodobrovolnickeho-projektu-zbor-solidarity.jpg"},{"@type":"BreadcrumbList","@id":"https:\/\/zborsolidarity.eu\/zona-ucastnik\/ako-sa-zapojit\/#breadcrumb","itemListElement":[{"@type":"ListItem","position":1,"name":"Domovsk\u00e1 str\u00e1nka","item":"https:\/\/zborsolidarity.eu\/"},{"@type":"ListItem","position":2,"name":"Z\u00f3na \u00fa\u010dastn\u00edk","item":"https:\/\/zborsolidarity.eu\/zona-ucastnik\/"},{"@type":"ListItem","position":3,"name":"Ako sa zapoji\u0165"}]},{"@type":"WebSite","@id":"https:\/\/zborsolidarity.eu\/#website","url":"https:\/\/zborsolidarity.eu\/","name":"European Solidarity Corps","description":"","publisher":{"@id":"https:\/\/zborsolidarity.eu\/#organization"},"potentialAction":[{"@type":"SearchAction","target":{"@type":"EntryPoint","urlTemplate":"https:\/\/zborsolidarity.eu\/?s={search_term_string}"},"query-input":{"@type":"PropertyValueSpecification","valueRequired":true,"valueName":"search_term_string"}}],"inLanguage":"en-US"},{"@type":"Organization","@id":"https:\/\/zborsolidarity.eu\/#organization","name":"European Solidarity Corps","url":"https:\/\/zborsolidarity.eu\/","logo":{"@type":"ImageObject","inLanguage":"en-US","@id":"https:\/\/zborsolidarity.eu\/#\/schema\/logo\/image\/","url":"https:\/\/zborsolidarity.eu\/wp-content\/uploads\/2020\/10\/zbor_solidarity_logo.png","contentUrl":"https:\/\/zborsolidarity.eu\/wp-content\/uploads\/2020\/10\/zbor_solidarity_logo.png","width":600,"height":165,"caption":"European Solidarity Corps"},"image":{"@id":"https:\/\/zborsolidarity.eu\/#\/schema\/logo\/image\/"}}]}},"_links":{"self":[{"href":"https:\/\/zborsolidarity.eu\/en\/wp-json\/wp\/v2\/pages\/1147","targetHints":{"allow":["GET"]}}],"collection":[{"href":"https:\/\/zborsolidarity.eu\/en\/wp-json\/wp\/v2\/pages"}],"about":[{"href":"https:\/\/zborsolidarity.eu\/en\/wp-json\/wp\/v2\/types\/page"}],"author":[{"embeddable":true,"href":"https:\/\/zborsolidarity.eu\/en\/wp-json\/wp\/v2\/users\/1"}],"replies":[{"embeddable":true,"href":"https:\/\/zborsolidarity.eu\/en\/wp-json\/wp\/v2\/comments?post=1147"}],"version-history":[{"count":25,"href":"https:\/\/zborsolidarity.eu\/en\/wp-json\/wp\/v2\/pages\/1147\/revisions"}],"predecessor-version":[{"id":2669,"href":"https:\/\/zborsolidarity.eu\/en\/wp-json\/wp\/v2\/pages\/1147\/revisions\/2669"}],"up":[{"embeddable":true,"href":"https:\/\/zborsolidarity.eu\/en\/wp-json\/wp\/v2\/pages\/70"}],"wp:attachment":[{"href":"https:\/\/zborsolidarity.eu\/en\/wp-json\/wp\/v2\/media?parent=1147"}],"curies":[{"name":"wp","href":"https:\/\/api.w.org\/{rel}","templated":true}]}}