{"id":14,"date":"2019-02-08T11:15:57","date_gmt":"2019-02-08T11:15:57","guid":{"rendered":"http:\/\/zborsolidarity.eu\/?page_id=14"},"modified":"2025-11-19T13:04:54","modified_gmt":"2025-11-19T12:04:54","slug":"informacie-o-programe","status":"publish","type":"page","link":"https:\/\/zborsolidarity.eu\/en\/informacie-o-programe\/","title":{"rendered":"Inform\u00e1cie o programe"},"content":{"rendered":"<h2 style=\"color: #a81573;\">\u010co je Eur\u00f3psky zbor solidarity?<\/h2>\n<p><span style=\"color: #000000;\">Eur\u00f3psky zbor solidarity je nov\u00fd program Eur\u00f3pskej \u00fanie, ktor\u00e1 poskytuje mlad\u00fdm \u013eu\u010fom pr\u00edle\u017eitos\u0165 vykon\u00e1va\u0165 dobrovo\u013en\u00edcku pr\u00e1cu alebo pracova\u0165 vo svojej vlastnej krajine \u010di v zahrani\u010d\u00ed na projektoch, z ktor\u00fdch maj\u00fa prospech komunity a \u013eudia v celej Eur\u00f3pe.<\/span><\/p>\n<p><span style=\"color: #000000;\">V\u0161etci mlad\u00ed \u013eudia, ktor\u00ed sa zapoja do niektorej z aktiv\u00edt Eur\u00f3pskeho zboru solidarity, s\u00fahlasia s jeho <a style=\"color: #000000;\" href=\"https:\/\/europa.eu\/youth\/solidarity\/mission_sk\">poslan\u00edm a z\u00e1sadami<\/a>, ktor\u00e9 bud\u00fa dodr\u017eiava\u0165.<\/span><\/p>\n<p><span style=\"color: #000000;\">V Eur\u00f3pskom zbore solidarity sa m\u00f4\u017ee\u0161 zaregistrova\u0165, ke\u010f bude\u0161 ma\u0165 17 rokov, no na projekte m\u00f4\u017ee\u0161 za\u010da\u0165 pracova\u0165 a\u017e po dosiahnut\u00ed 18 rokov. Do projektov Eur\u00f3pskeho zboru solidarity sa m\u00f4\u017eu zapoji\u0165 \u013eudia vo veku do 30 rokov vr\u00e1tane.<\/span><\/p>\n<p><span style=\"color: #000000;\">Po <a href=\"https:\/\/webgate.ec.europa.eu\/cas\/login?loginRequestId=ECAS_LR-22271162-1UF8bHvCfkDZRwVo99UrjTg7838Rty5fOU0U1eVNsFMS0DEZ2ZbKX8lRpUWWu84FRqb47nPBLBd8G6995QPQp0-rS0vSrmBGYCXHdQaEauJwe-kGvLAmVClE8uzG6l9VPR3rIer0a1aMVWKZV4ezIEOy5W\">jednoduchej registr\u00e1cii<\/a> mo\u017eno vybra\u0165 \u010dlenov Eur\u00f3pskeho zboru solidarity, ktor\u00ed bud\u00fa vyzvan\u00ed, aby sa zapojili do \u0161irokej \u0161k\u00e1ly projektov, medzi ktor\u00e9 patr\u00ed pomoc pri predch\u00e1dzan\u00ed pr\u00edrodn\u00fdm katastrof\u00e1m alebo n\u00e1slednej obnove, pomoc v centr\u00e1ch pre \u017eiadate\u013eov o azyl, alebo rie\u0161enie r\u00f4znych soci\u00e1lnych probl\u00e9mov v r\u00e1mci komun\u00edt.<\/span><\/p>\n<p><span style=\"color: #000000;\">Projekty, ktor\u00e9 Eur\u00f3psky zbor solidarity podporuje, m\u00f4\u017eu ma\u0165 trvanie od dvoch do dvan\u00e1stich mesiacov. Ich realiz\u00e1cia zvy\u010dajne prebieha v \u010dlensk\u00fdch \u0161t\u00e1toch Eur\u00f3pskej \u00fanie.<\/span><\/p>\n<p><span style=\"color: #a81573;\"><strong>Pr\u00edru\u010dka pre \u017eiadate\u013eov a formul\u00e1re \u017eiadost\u00ed<\/strong><\/span><\/p>\n<p><span style=\"color: #000000;\">\u00a0\u017diadosti o Zna\u010dku kvality sa m\u00f4\u017eu pod\u00e1va\u0165 priebe\u017ene.\u00a0<\/span><\/p>\n<p>Pr\u00edru\u010dka pre \u017eiadate\u013eov na rok 2021 (<a href=\"https:\/\/youth.europa.eu\/sites\/default\/files\/european_solidarity_corps_guide_2021.pdf\">v Anglickom jazyku<\/a>)<\/p>\n<p>Pr\u00edru\u010dka pre \u017eiadate\u013eov na rok 2021 (<a href=\"https:\/\/eurodesk.sk\/wp-content\/uploads\/2023\/12\/European-Solidarity-Corps-Guide_2021_SK.pdf\">v Slovenskom jazyku<\/a>)<\/p>\n<p>Pr\u00edru\u010dka pre \u017eiadate\u013eov na rok 2022 (<a href=\"https:\/\/europa.eu\/youth\/sites\/default\/files\/european_solidarity_corps_guide_2022_en_v2.pdf\">v Anglickom jazyku<\/a>)<\/p>\n<p>Pr\u00edru\u010dka pre \u017eiadate\u013eov na rok 2022 (<a href=\"https:\/\/europa.eu\/youth\/sites\/default\/files\/european_solidarity_corps_guide_2022_sk_v2.pdf\">v Slovenskom jazyku<\/a>)<\/p>\n<p>Pr\u00edru\u010dka pre \u017eiadate\u013eov na rok 2023 (<a href=\"https:\/\/youth.europa.eu\/d8\/sites\/default\/files\/inline-files\/european_solidarity_corps_guide_2023_en.pdf\">v Anglickom jazyku<\/a>)<\/p>\n<p>Pr\u00edru\u010dka pre \u017eiadate\u013eov na rok 2023 (<a href=\"https:\/\/zborsolidarity.eu\/wp-content\/uploads\/2023\/02\/european_solidarity_corps_guide_2023_sk.pdf\">v Slovenskom jazyku<\/a>)<\/p>\n<p>Pr\u00edru\u010dka pre \u017eiadate\u013eov na rok 2024 (<a href=\"https:\/\/eurodesk.sk\/wp-content\/uploads\/2023\/11\/european_solidarity_corps_guide_2024_en.pdf\">v Anglickom jazyku<\/a>)<\/p>\n<p>Pr\u00edru\u010dka pre \u017eiadate\u013eov na rok 2024 (<a href=\"https:\/\/zborsolidarity.eu\/wp-content\/uploads\/2024\/03\/esc_guide_2024_sk.docx\">v Slovenskom jazyku<\/a>)<\/p>\n<p>Pr\u00edru\u010dka pre \u017eiadate\u013eov na rok 2025 (<a href=\"https:\/\/youth.europa.eu\/sites\/default\/files\/inline-files\/European_solidarity_corps_guide_2025.pdf\">v Anglickom jazyku<\/a>)<\/p>\n<p>Pr\u00edru\u010dka pre \u017eiadate\u013eov na rok 2025 (<a href=\"https:\/\/youth.europa.eu\/sites\/default\/files\/inline-files\/european_solidarity_corps_guide_2025_SK.pdf\">v Slovenskom jazyku<\/a>)<\/p>\n<p>Pr\u00edru\u010dka pre \u017eiadate\u013eov na rok 2026 (<a href=\"https:\/\/youth.europa.eu\/sites\/default\/files\/inline-files\/european_solidarity_corps_guide_2026_EN.pdf\">v Anglickom jazyku<\/a>)<\/p>\n<p>Pr\u00edru\u010dka pre \u017eiadate\u013eov na rok 2026 (<a href=\"https:\/\/youth.europa.eu\/sites\/default\/files\/inline-files\/european_solidarity_corps_guide_2026_SK.pdf\">v Slovenskom jazyku<\/a>)<\/p>\n<p><a href=\"https:\/\/webgate.ec.europa.eu\/app-forms\/af-ui-opportunities\/#\/european-solidarity-corps\"><span style=\"color: #000000;\">Formul\u00e1re \u017eiadost\u00ed<\/span><\/a><\/p>\n<h3 style=\"color: #a81573;\">Organiz\u00e1cie<\/h3>\n<p>Do programu sa m\u00f4\u017ee zapoji\u0165 ak\u00e1ko\u013evek s\u00fakromn\u00e1 alebo verejn\u00e1 organiz\u00e1cia zriaden\u00e1 v\u00a0programovej alebo partnerskej krajine. Zna\u010dku kvality pre ved\u00face organiz\u00e1cie si m\u00f4\u017ee po\u017eiada\u0165 ak\u00e1ko\u013evek s\u00fakromn\u00e1 alebo verejn\u00e1 organiz\u00e1cia ktor\u00e1 je zriaden\u00e1 v\u00a0programovej krajine aspo\u0148 rok.<\/p>\n<p>Programov\u00e9 krajiny:<\/p>\n<ul>\n<li>\u010clensk\u00e9 \u0161t\u00e1ty EU<\/li>\n<li>Island<\/li>\n<li>Lichten\u0161tajnsko<\/li>\n<li>Turecko<\/li>\n<li>Republika Severn\u00e9 Maced\u00f3nsko<\/li>\n<\/ul>\n<p>Partnersk\u00e9 krajiny:<\/p>\n<ul>\n<li>N\u00f3rsko<\/li>\n<li>Alb\u00e1nsko, Bosna a Hercegovina, Kosovo, \u010cierna Hora, Srbsko<\/li>\n<li>Arm\u00e9nsko, Azerbajd\u017ean, Bielorusko, Gruz\u00ednsko, Moldavsko, Ukrajina<\/li>\n<li>Al\u017e\u00edrsko, Egypt, Izrael, Jord\u00e1nsko, Libanon, L\u00edbya, Maroko, Palest\u00edna, S\u00fdria, Tunisko<\/li>\n<li>Rusk\u00e1 feder\u00e1cia<\/li>\n<\/ul>\n","protected":false},"excerpt":{"rendered":"<p>\u010co je Eur\u00f3psky zbor solidarity? Eur\u00f3psky zbor solidarity je nov\u00fd program Eur\u00f3pskej \u00fanie, ktor\u00e1 poskytuje mlad\u00fdm \u013eu\u010fom pr\u00edle\u017eitos\u0165 vykon\u00e1va\u0165 dobrovo\u013en\u00edcku pr\u00e1cu alebo pracova\u0165 vo svojej vlastnej krajine \u010di v zahrani\u010d\u00ed&#8230;<\/p>\n","protected":false},"author":1,"featured_media":0,"parent":0,"menu_order":0,"comment_status":"closed","ping_status":"closed","template":"","meta":{"footnotes":""},"class_list":["post-14","page","type-page","status-publish","hentry"],"translation":{"provider":"WPGlobus","version":"3.0.2","language":"en","enabled_languages":["sk","en"],"languages":{"sk":{"title":true,"content":true,"excerpt":false},"en":{"title":false,"content":false,"excerpt":false}}},"yoast_head":"<!-- This site is optimized with the Yoast SEO plugin v26.9 - https:\/\/yoast.com\/product\/yoast-seo-wordpress\/ -->\n<title>Inform\u00e1cie o programe - European Solidarity Corps<\/title>\n<meta name=\"robots\" content=\"index, follow, max-snippet:-1, max-image-preview:large, max-video-preview:-1\" \/>\n<link rel=\"canonical\" href=\"https:\/\/zborsolidarity.eu\/informacie-o-programe\/\" \/>\n<meta property=\"og:locale\" content=\"en_US\" \/>\n<meta property=\"og:type\" content=\"article\" \/>\n<meta property=\"og:title\" content=\"Inform\u00e1cie o programe - European Solidarity Corps\" \/>\n<meta property=\"og:url\" content=\"https:\/\/zborsolidarity.eu\/informacie-o-programe\/\" \/>\n<meta property=\"og:site_name\" content=\"European Solidarity Corps\" \/>\n<meta property=\"article:modified_time\" content=\"2025-11-19T12:04:54+00:00\" \/>\n<meta name=\"twitter:card\" content=\"summary_large_image\" \/>\n<meta name=\"twitter:label1\" content=\"Est. reading time\" \/>\n\t<meta name=\"twitter:data1\" content=\"2 minutes\" \/>\n<script type=\"application\/ld+json\" class=\"yoast-schema-graph\">{\"@context\":\"https:\/\/schema.org\",\"@graph\":[{\"@type\":\"WebPage\",\"@id\":\"https:\/\/zborsolidarity.eu\/informacie-o-programe\/\",\"url\":\"https:\/\/zborsolidarity.eu\/informacie-o-programe\/\",\"name\":\"Inform\u00e1cie o programe - European Solidarity Corps\",\"isPartOf\":{\"@id\":\"https:\/\/zborsolidarity.eu\/#website\"},\"datePublished\":\"2019-02-08T11:15:57+00:00\",\"dateModified\":\"2025-11-19T12:04:54+00:00\",\"breadcrumb\":{\"@id\":\"https:\/\/zborsolidarity.eu\/informacie-o-programe\/#breadcrumb\"},\"inLanguage\":\"en-US\",\"potentialAction\":[{\"@type\":\"ReadAction\",\"target\":[\"https:\/\/zborsolidarity.eu\/informacie-o-programe\/\"]}]},{\"@type\":\"BreadcrumbList\",\"@id\":\"https:\/\/zborsolidarity.eu\/informacie-o-programe\/#breadcrumb\",\"itemListElement\":[{\"@type\":\"ListItem\",\"position\":1,\"name\":\"Domovsk\u00e1 str\u00e1nka\",\"item\":\"https:\/\/zborsolidarity.eu\/\"},{\"@type\":\"ListItem\",\"position\":2,\"name\":\"Inform\u00e1cie o programe\"}]},{\"@type\":\"WebSite\",\"@id\":\"https:\/\/zborsolidarity.eu\/#website\",\"url\":\"https:\/\/zborsolidarity.eu\/\",\"name\":\"European Solidarity Corps\",\"description\":\"\",\"publisher\":{\"@id\":\"https:\/\/zborsolidarity.eu\/#organization\"},\"potentialAction\":[{\"@type\":\"SearchAction\",\"target\":{\"@type\":\"EntryPoint\",\"urlTemplate\":\"https:\/\/zborsolidarity.eu\/?s={search_term_string}\"},\"query-input\":{\"@type\":\"PropertyValueSpecification\",\"valueRequired\":true,\"valueName\":\"search_term_string\"}}],\"inLanguage\":\"en-US\"},{\"@type\":\"Organization\",\"@id\":\"https:\/\/zborsolidarity.eu\/#organization\",\"name\":\"European Solidarity Corps\",\"url\":\"https:\/\/zborsolidarity.eu\/\",\"logo\":{\"@type\":\"ImageObject\",\"inLanguage\":\"en-US\",\"@id\":\"https:\/\/zborsolidarity.eu\/#\/schema\/logo\/image\/\",\"url\":\"https:\/\/zborsolidarity.eu\/wp-content\/uploads\/2020\/10\/zbor_solidarity_logo.png\",\"contentUrl\":\"https:\/\/zborsolidarity.eu\/wp-content\/uploads\/2020\/10\/zbor_solidarity_logo.png\",\"width\":600,\"height\":165,\"caption\":\"European Solidarity Corps\"},\"image\":{\"@id\":\"https:\/\/zborsolidarity.eu\/#\/schema\/logo\/image\/\"}}]}<\/script>\n<!-- \/ Yoast SEO plugin. -->","yoast_head_json":{"title":"Inform\u00e1cie o programe - European Solidarity Corps","robots":{"index":"index","follow":"follow","max-snippet":"max-snippet:-1","max-image-preview":"max-image-preview:large","max-video-preview":"max-video-preview:-1"},"canonical":"https:\/\/zborsolidarity.eu\/informacie-o-programe\/","og_locale":"en_US","og_type":"article","og_title":"Inform\u00e1cie o programe - European Solidarity Corps","og_url":"https:\/\/zborsolidarity.eu\/informacie-o-programe\/","og_site_name":"European Solidarity Corps","article_modified_time":"2025-11-19T12:04:54+00:00","twitter_card":"summary_large_image","twitter_misc":{"Est. reading time":"2 minutes"},"schema":{"@context":"https:\/\/schema.org","@graph":[{"@type":"WebPage","@id":"https:\/\/zborsolidarity.eu\/informacie-o-programe\/","url":"https:\/\/zborsolidarity.eu\/informacie-o-programe\/","name":"Inform\u00e1cie o programe - European Solidarity Corps","isPartOf":{"@id":"https:\/\/zborsolidarity.eu\/#website"},"datePublished":"2019-02-08T11:15:57+00:00","dateModified":"2025-11-19T12:04:54+00:00","breadcrumb":{"@id":"https:\/\/zborsolidarity.eu\/informacie-o-programe\/#breadcrumb"},"inLanguage":"en-US","potentialAction":[{"@type":"ReadAction","target":["https:\/\/zborsolidarity.eu\/informacie-o-programe\/"]}]},{"@type":"BreadcrumbList","@id":"https:\/\/zborsolidarity.eu\/informacie-o-programe\/#breadcrumb","itemListElement":[{"@type":"ListItem","position":1,"name":"Domovsk\u00e1 str\u00e1nka","item":"https:\/\/zborsolidarity.eu\/"},{"@type":"ListItem","position":2,"name":"Inform\u00e1cie o programe"}]},{"@type":"WebSite","@id":"https:\/\/zborsolidarity.eu\/#website","url":"https:\/\/zborsolidarity.eu\/","name":"European Solidarity Corps","description":"","publisher":{"@id":"https:\/\/zborsolidarity.eu\/#organization"},"potentialAction":[{"@type":"SearchAction","target":{"@type":"EntryPoint","urlTemplate":"https:\/\/zborsolidarity.eu\/?s={search_term_string}"},"query-input":{"@type":"PropertyValueSpecification","valueRequired":true,"valueName":"search_term_string"}}],"inLanguage":"en-US"},{"@type":"Organization","@id":"https:\/\/zborsolidarity.eu\/#organization","name":"European Solidarity Corps","url":"https:\/\/zborsolidarity.eu\/","logo":{"@type":"ImageObject","inLanguage":"en-US","@id":"https:\/\/zborsolidarity.eu\/#\/schema\/logo\/image\/","url":"https:\/\/zborsolidarity.eu\/wp-content\/uploads\/2020\/10\/zbor_solidarity_logo.png","contentUrl":"https:\/\/zborsolidarity.eu\/wp-content\/uploads\/2020\/10\/zbor_solidarity_logo.png","width":600,"height":165,"caption":"European Solidarity Corps"},"image":{"@id":"https:\/\/zborsolidarity.eu\/#\/schema\/logo\/image\/"}}]}},"_links":{"self":[{"href":"https:\/\/zborsolidarity.eu\/en\/wp-json\/wp\/v2\/pages\/14","targetHints":{"allow":["GET"]}}],"collection":[{"href":"https:\/\/zborsolidarity.eu\/en\/wp-json\/wp\/v2\/pages"}],"about":[{"href":"https:\/\/zborsolidarity.eu\/en\/wp-json\/wp\/v2\/types\/page"}],"author":[{"embeddable":true,"href":"https:\/\/zborsolidarity.eu\/en\/wp-json\/wp\/v2\/users\/1"}],"replies":[{"embeddable":true,"href":"https:\/\/zborsolidarity.eu\/en\/wp-json\/wp\/v2\/comments?post=14"}],"version-history":[{"count":13,"href":"https:\/\/zborsolidarity.eu\/en\/wp-json\/wp\/v2\/pages\/14\/revisions"}],"predecessor-version":[{"id":4393,"href":"https:\/\/zborsolidarity.eu\/en\/wp-json\/wp\/v2\/pages\/14\/revisions\/4393"}],"wp:attachment":[{"href":"https:\/\/zborsolidarity.eu\/en\/wp-json\/wp\/v2\/media?parent=14"}],"curies":[{"name":"wp","href":"https:\/\/api.w.org\/{rel}","templated":true}]}}