{"id":2517,"date":"2021-05-04T09:02:26","date_gmt":"2021-05-04T09:02:26","guid":{"rendered":"https:\/\/zborsolidarity.eu\/?page_id=2517"},"modified":"2021-05-13T21:34:18","modified_gmt":"2021-05-13T21:34:18","slug":"kompletne-online-vzdelavanie","status":"publish","type":"page","link":"https:\/\/zborsolidarity.eu\/en\/zona-ucastnik\/kompletne-online-vzdelavanie\/","title":{"rendered":"Kompletn\u00e9 online vzdel\u00e1vanie"},"content":{"rendered":"\t\t<div data-elementor-type=\"wp-page\" data-elementor-id=\"2517\" class=\"elementor elementor-2517\">\n\t\t\t\t\t\t<section class=\"elementor-section elementor-top-section elementor-element elementor-element-4fc79ac elementor-reverse-tablet elementor-reverse-mobile elementor-section-boxed elementor-section-height-default elementor-section-height-default\" data-id=\"4fc79ac\" data-element_type=\"section\" data-e-type=\"section\">\n\t\t\t\t\t\t<div class=\"elementor-container elementor-column-gap-default\">\n\t\t\t\t\t<div class=\"aux-parallax-section elementor-column elementor-col-50 elementor-top-column elementor-element elementor-element-6f01dea aux-appear-watch-animation aux-fade-in-up\" data-id=\"6f01dea\" data-element_type=\"column\" data-e-type=\"column\">\n\t\t\t<div class=\"elementor-widget-wrap elementor-element-populated\">\n\t\t\t\t\t\t<div class=\"elementor-element elementor-element-d0d20de elementor-widget elementor-widget-text-editor\" data-id=\"d0d20de\" data-element_type=\"widget\" data-e-type=\"widget\" data-widget_type=\"text-editor.default\">\n\t\t\t\t<div class=\"elementor-widget-container\">\n\t\t\t\t\t\t\t\t\t<p><\/p>\n<p>Ako zaregistrovan\u00e9mu \u010dlenovi v Eur\u00f3pskom zbore solidarity ti Eur\u00f3pska komisia m\u00f4\u017ee pom\u00f4c\u0165 nau\u010di\u0165 sa nie\u010do nov\u00e9 a pripravi\u0165 sa na projekt, do ktor\u00e9ho sa m\u00f4\u017ee\u0161 zapoji\u0165. K \u0161koleniam sa tie\u017e m\u00f4\u017ee\u0161 dosta\u0165 cez nasleduj\u00faci <a href=\"https:\/\/europeansolidaritycorpsgot.eu\" target=\"_blank\" rel=\"noopener\" data-wplink-edit=\"true\">link<\/a>.<\/p>\n<p><\/p>\t\t\t\t\t\t\t\t<\/div>\n\t\t\t\t<\/div>\n\t\t\t\t<div class=\"elementor-element elementor-element-b7f14a1 elementor-widget elementor-widget-text-editor\" data-id=\"b7f14a1\" data-element_type=\"widget\" data-e-type=\"widget\" data-widget_type=\"text-editor.default\">\n\t\t\t\t<div class=\"elementor-widget-container\">\n\t\t\t\t\t\t\t\t\t<p><\/p>\n<p>Na svojom profile, v datab\u00e1ze Eur\u00f3pskeho zboru solidarity, n\u00e1jde\u0161 \u0161irok\u00fa \u0161k\u00e1lu \u0161koliacich materi\u00e1lov a kurzov, ktor\u00e9 s\u00fa v s\u00fa\u010dasnosti k dispoz\u00edcii pre zaregistrovan\u00fdch \u010dlenov zboru solidarity, vr\u00e1tane vide\u00ed, informa\u010dn\u00fdch preh\u013eadov, kv\u00edzov a online kurzov.<\/p>\n<p><\/p>\n<p>Hlavn\u00fdm cie\u013eom aktiv\u00edt je lep\u0161ie pripravi\u0165 \u00fa\u010dastn\u00edkov na aktivity a poskytn\u00fa\u0165 im z\u00e1kladn\u00fd preh\u013ead o mo\u017enostiach, ktor\u00e9 eur\u00f3pska komisia pon\u00faka. Aktivity online vzdel\u00e1vania ti poskytn\u00fa podporu aj po\u010das aktiv\u00edt a m\u00f4\u017eu poskytn\u00fa\u0165 aj preh\u013ead mo\u017enost\u00ed, ktor\u00e9 \u0165a \u010dakaj\u00fa po ukon\u010den\u00ed tvojej mobility.<\/p>\n<p><\/p>\t\t\t\t\t\t\t\t<\/div>\n\t\t\t\t<\/div>\n\t\t\t\t<div class=\"elementor-element elementor-element-d896517 aux-appear-watch-animation aux-fade-in-up-1 elementor-widget elementor-widget-aux_button\" data-id=\"d896517\" data-element_type=\"widget\" data-e-type=\"widget\" data-widget_type=\"aux_button.default\">\n\t\t\t\t<div class=\"elementor-widget-container\">\n\t\t\t\t\t<a  href=\"https:\/\/europeansolidaritycorpsgot.eu\" target=\"_blank\"   class=\"aux-button aux-small aux-carmine-pink aux-curve aux-none aux-uppercase\" ><span class=\"aux-overlay\"><\/span><span class=\"aux-text\">Online \u0161kolenia<\/span><\/a>\t\t\t\t<\/div>\n\t\t\t\t<\/div>\n\t\t\t\t\t<\/div>\n\t\t<\/div>\n\t\t\t\t<div class=\"aux-parallax-section elementor-column elementor-col-50 elementor-top-column elementor-element elementor-element-87eb3fd\" data-id=\"87eb3fd\" data-element_type=\"column\" data-e-type=\"column\">\n\t\t\t<div class=\"elementor-widget-wrap elementor-element-populated\">\n\t\t\t\t\t\t<div class=\"elementor-element elementor-element-1b9d1c8 elementor-invisible elementor-widget elementor-widget-image\" data-id=\"1b9d1c8\" data-element_type=\"widget\" data-e-type=\"widget\" data-settings=\"{&quot;_animation&quot;:&quot;fadeInRight&quot;}\" data-widget_type=\"image.default\">\n\t\t\t\t<div class=\"elementor-widget-container\">\n\t\t\t\t\t\t\t\t\t\t\t\t\t\t\t<img fetchpriority=\"high\" decoding=\"async\" width=\"900\" height=\"646\" src=\"https:\/\/zborsolidarity.eu\/wp-content\/uploads\/2021\/05\/online-vzdelavanie-01.jpg\" class=\"elementor-animation-rotate attachment-full size-full wp-image-2695\" alt=\"\" \/>\t\t\t\t\t\t\t\t\t\t\t\t\t\t\t<\/div>\n\t\t\t\t<\/div>\n\t\t\t\t\t<\/div>\n\t\t<\/div>\n\t\t\t\t\t<\/div>\n\t\t<\/section>\n\t\t\t\t<\/div>\n\t\t","protected":false},"excerpt":{"rendered":"<p>Ako zaregistrovan\u00e9mu \u010dlenovi v Eur\u00f3pskom zbore solidarity ti Eur\u00f3pska komisia m\u00f4\u017ee pom\u00f4c\u0165 nau\u010di\u0165 sa nie\u010do nov\u00e9 a pripravi\u0165 sa na projekt, do ktor\u00e9ho sa m\u00f4\u017ee\u0161 zapoji\u0165. K \u0161koleniam sa tie\u017e&#8230;<\/p>\n","protected":false},"author":3,"featured_media":0,"parent":70,"menu_order":0,"comment_status":"closed","ping_status":"closed","template":"","meta":{"footnotes":""},"class_list":["post-2517","page","type-page","status-publish","hentry"],"translation":{"provider":"WPGlobus","version":"3.0.2","language":"en","enabled_languages":["sk","en"],"languages":{"sk":{"title":true,"content":true,"excerpt":false},"en":{"title":false,"content":false,"excerpt":false}}},"yoast_head":"<!-- This site is optimized with the Yoast SEO plugin v26.9 - https:\/\/yoast.com\/product\/yoast-seo-wordpress\/ -->\n<title>Kompletn\u00e9 online vzdel\u00e1vanie - European Solidarity Corps<\/title>\n<meta name=\"robots\" content=\"index, follow, max-snippet:-1, max-image-preview:large, max-video-preview:-1\" \/>\n<link rel=\"canonical\" href=\"https:\/\/zborsolidarity.eu\/zona-ucastnik\/kompletne-online-vzdelavanie\/\" \/>\n<meta property=\"og:locale\" content=\"en_US\" \/>\n<meta property=\"og:type\" content=\"article\" \/>\n<meta property=\"og:title\" content=\"Kompletn\u00e9 online vzdel\u00e1vanie - European Solidarity Corps\" \/>\n<meta property=\"og:url\" content=\"https:\/\/zborsolidarity.eu\/zona-ucastnik\/kompletne-online-vzdelavanie\/\" \/>\n<meta property=\"og:site_name\" content=\"European Solidarity Corps\" \/>\n<meta property=\"article:modified_time\" content=\"2021-05-13T21:34:18+00:00\" \/>\n<meta property=\"og:image\" content=\"https:\/\/zborsolidarity.eu\/wp-content\/uploads\/2021\/05\/online-vzdelavanie-01.jpg\" \/>\n<meta name=\"twitter:card\" content=\"summary_large_image\" \/>\n<meta name=\"twitter:label1\" content=\"Est. reading time\" \/>\n\t<meta name=\"twitter:data1\" content=\"1 minute\" \/>\n<script type=\"application\/ld+json\" class=\"yoast-schema-graph\">{\"@context\":\"https:\/\/schema.org\",\"@graph\":[{\"@type\":\"WebPage\",\"@id\":\"https:\/\/zborsolidarity.eu\/zona-ucastnik\/kompletne-online-vzdelavanie\/\",\"url\":\"https:\/\/zborsolidarity.eu\/zona-ucastnik\/kompletne-online-vzdelavanie\/\",\"name\":\"Kompletn\u00e9 online vzdel\u00e1vanie - European Solidarity Corps\",\"isPartOf\":{\"@id\":\"https:\/\/zborsolidarity.eu\/#website\"},\"primaryImageOfPage\":{\"@id\":\"https:\/\/zborsolidarity.eu\/zona-ucastnik\/kompletne-online-vzdelavanie\/#primaryimage\"},\"image\":{\"@id\":\"https:\/\/zborsolidarity.eu\/zona-ucastnik\/kompletne-online-vzdelavanie\/#primaryimage\"},\"thumbnailUrl\":\"https:\/\/zborsolidarity.eu\/wp-content\/uploads\/2021\/05\/online-vzdelavanie-01.jpg\",\"datePublished\":\"2021-05-04T09:02:26+00:00\",\"dateModified\":\"2021-05-13T21:34:18+00:00\",\"breadcrumb\":{\"@id\":\"https:\/\/zborsolidarity.eu\/zona-ucastnik\/kompletne-online-vzdelavanie\/#breadcrumb\"},\"inLanguage\":\"en-US\",\"potentialAction\":[{\"@type\":\"ReadAction\",\"target\":[\"https:\/\/zborsolidarity.eu\/zona-ucastnik\/kompletne-online-vzdelavanie\/\"]}]},{\"@type\":\"ImageObject\",\"inLanguage\":\"en-US\",\"@id\":\"https:\/\/zborsolidarity.eu\/zona-ucastnik\/kompletne-online-vzdelavanie\/#primaryimage\",\"url\":\"https:\/\/zborsolidarity.eu\/wp-content\/uploads\/2021\/05\/online-vzdelavanie-01.jpg\",\"contentUrl\":\"https:\/\/zborsolidarity.eu\/wp-content\/uploads\/2021\/05\/online-vzdelavanie-01.jpg\"},{\"@type\":\"BreadcrumbList\",\"@id\":\"https:\/\/zborsolidarity.eu\/zona-ucastnik\/kompletne-online-vzdelavanie\/#breadcrumb\",\"itemListElement\":[{\"@type\":\"ListItem\",\"position\":1,\"name\":\"Domovsk\u00e1 str\u00e1nka\",\"item\":\"https:\/\/zborsolidarity.eu\/\"},{\"@type\":\"ListItem\",\"position\":2,\"name\":\"Z\u00f3na \u00fa\u010dastn\u00edk\",\"item\":\"https:\/\/zborsolidarity.eu\/zona-ucastnik\/\"},{\"@type\":\"ListItem\",\"position\":3,\"name\":\"Kompletn\u00e9 online vzdel\u00e1vanie\"}]},{\"@type\":\"WebSite\",\"@id\":\"https:\/\/zborsolidarity.eu\/#website\",\"url\":\"https:\/\/zborsolidarity.eu\/\",\"name\":\"European Solidarity Corps\",\"description\":\"\",\"publisher\":{\"@id\":\"https:\/\/zborsolidarity.eu\/#organization\"},\"potentialAction\":[{\"@type\":\"SearchAction\",\"target\":{\"@type\":\"EntryPoint\",\"urlTemplate\":\"https:\/\/zborsolidarity.eu\/?s={search_term_string}\"},\"query-input\":{\"@type\":\"PropertyValueSpecification\",\"valueRequired\":true,\"valueName\":\"search_term_string\"}}],\"inLanguage\":\"en-US\"},{\"@type\":\"Organization\",\"@id\":\"https:\/\/zborsolidarity.eu\/#organization\",\"name\":\"European Solidarity Corps\",\"url\":\"https:\/\/zborsolidarity.eu\/\",\"logo\":{\"@type\":\"ImageObject\",\"inLanguage\":\"en-US\",\"@id\":\"https:\/\/zborsolidarity.eu\/#\/schema\/logo\/image\/\",\"url\":\"https:\/\/zborsolidarity.eu\/wp-content\/uploads\/2020\/10\/zbor_solidarity_logo.png\",\"contentUrl\":\"https:\/\/zborsolidarity.eu\/wp-content\/uploads\/2020\/10\/zbor_solidarity_logo.png\",\"width\":600,\"height\":165,\"caption\":\"European Solidarity Corps\"},\"image\":{\"@id\":\"https:\/\/zborsolidarity.eu\/#\/schema\/logo\/image\/\"}}]}<\/script>\n<!-- \/ Yoast SEO plugin. -->","yoast_head_json":{"title":"Kompletn\u00e9 online vzdel\u00e1vanie - European Solidarity Corps","robots":{"index":"index","follow":"follow","max-snippet":"max-snippet:-1","max-image-preview":"max-image-preview:large","max-video-preview":"max-video-preview:-1"},"canonical":"https:\/\/zborsolidarity.eu\/zona-ucastnik\/kompletne-online-vzdelavanie\/","og_locale":"en_US","og_type":"article","og_title":"Kompletn\u00e9 online vzdel\u00e1vanie - European Solidarity Corps","og_url":"https:\/\/zborsolidarity.eu\/zona-ucastnik\/kompletne-online-vzdelavanie\/","og_site_name":"European Solidarity Corps","article_modified_time":"2021-05-13T21:34:18+00:00","og_image":[{"url":"https:\/\/zborsolidarity.eu\/wp-content\/uploads\/2021\/05\/online-vzdelavanie-01.jpg","type":"","width":"","height":""}],"twitter_card":"summary_large_image","twitter_misc":{"Est. reading time":"1 minute"},"schema":{"@context":"https:\/\/schema.org","@graph":[{"@type":"WebPage","@id":"https:\/\/zborsolidarity.eu\/zona-ucastnik\/kompletne-online-vzdelavanie\/","url":"https:\/\/zborsolidarity.eu\/zona-ucastnik\/kompletne-online-vzdelavanie\/","name":"Kompletn\u00e9 online vzdel\u00e1vanie - European Solidarity Corps","isPartOf":{"@id":"https:\/\/zborsolidarity.eu\/#website"},"primaryImageOfPage":{"@id":"https:\/\/zborsolidarity.eu\/zona-ucastnik\/kompletne-online-vzdelavanie\/#primaryimage"},"image":{"@id":"https:\/\/zborsolidarity.eu\/zona-ucastnik\/kompletne-online-vzdelavanie\/#primaryimage"},"thumbnailUrl":"https:\/\/zborsolidarity.eu\/wp-content\/uploads\/2021\/05\/online-vzdelavanie-01.jpg","datePublished":"2021-05-04T09:02:26+00:00","dateModified":"2021-05-13T21:34:18+00:00","breadcrumb":{"@id":"https:\/\/zborsolidarity.eu\/zona-ucastnik\/kompletne-online-vzdelavanie\/#breadcrumb"},"inLanguage":"en-US","potentialAction":[{"@type":"ReadAction","target":["https:\/\/zborsolidarity.eu\/zona-ucastnik\/kompletne-online-vzdelavanie\/"]}]},{"@type":"ImageObject","inLanguage":"en-US","@id":"https:\/\/zborsolidarity.eu\/zona-ucastnik\/kompletne-online-vzdelavanie\/#primaryimage","url":"https:\/\/zborsolidarity.eu\/wp-content\/uploads\/2021\/05\/online-vzdelavanie-01.jpg","contentUrl":"https:\/\/zborsolidarity.eu\/wp-content\/uploads\/2021\/05\/online-vzdelavanie-01.jpg"},{"@type":"BreadcrumbList","@id":"https:\/\/zborsolidarity.eu\/zona-ucastnik\/kompletne-online-vzdelavanie\/#breadcrumb","itemListElement":[{"@type":"ListItem","position":1,"name":"Domovsk\u00e1 str\u00e1nka","item":"https:\/\/zborsolidarity.eu\/"},{"@type":"ListItem","position":2,"name":"Z\u00f3na \u00fa\u010dastn\u00edk","item":"https:\/\/zborsolidarity.eu\/zona-ucastnik\/"},{"@type":"ListItem","position":3,"name":"Kompletn\u00e9 online vzdel\u00e1vanie"}]},{"@type":"WebSite","@id":"https:\/\/zborsolidarity.eu\/#website","url":"https:\/\/zborsolidarity.eu\/","name":"European Solidarity Corps","description":"","publisher":{"@id":"https:\/\/zborsolidarity.eu\/#organization"},"potentialAction":[{"@type":"SearchAction","target":{"@type":"EntryPoint","urlTemplate":"https:\/\/zborsolidarity.eu\/?s={search_term_string}"},"query-input":{"@type":"PropertyValueSpecification","valueRequired":true,"valueName":"search_term_string"}}],"inLanguage":"en-US"},{"@type":"Organization","@id":"https:\/\/zborsolidarity.eu\/#organization","name":"European Solidarity Corps","url":"https:\/\/zborsolidarity.eu\/","logo":{"@type":"ImageObject","inLanguage":"en-US","@id":"https:\/\/zborsolidarity.eu\/#\/schema\/logo\/image\/","url":"https:\/\/zborsolidarity.eu\/wp-content\/uploads\/2020\/10\/zbor_solidarity_logo.png","contentUrl":"https:\/\/zborsolidarity.eu\/wp-content\/uploads\/2020\/10\/zbor_solidarity_logo.png","width":600,"height":165,"caption":"European Solidarity Corps"},"image":{"@id":"https:\/\/zborsolidarity.eu\/#\/schema\/logo\/image\/"}}]}},"_links":{"self":[{"href":"https:\/\/zborsolidarity.eu\/en\/wp-json\/wp\/v2\/pages\/2517","targetHints":{"allow":["GET"]}}],"collection":[{"href":"https:\/\/zborsolidarity.eu\/en\/wp-json\/wp\/v2\/pages"}],"about":[{"href":"https:\/\/zborsolidarity.eu\/en\/wp-json\/wp\/v2\/types\/page"}],"author":[{"embeddable":true,"href":"https:\/\/zborsolidarity.eu\/en\/wp-json\/wp\/v2\/users\/3"}],"replies":[{"embeddable":true,"href":"https:\/\/zborsolidarity.eu\/en\/wp-json\/wp\/v2\/comments?post=2517"}],"version-history":[{"count":7,"href":"https:\/\/zborsolidarity.eu\/en\/wp-json\/wp\/v2\/pages\/2517\/revisions"}],"predecessor-version":[{"id":2701,"href":"https:\/\/zborsolidarity.eu\/en\/wp-json\/wp\/v2\/pages\/2517\/revisions\/2701"}],"up":[{"embeddable":true,"href":"https:\/\/zborsolidarity.eu\/en\/wp-json\/wp\/v2\/pages\/70"}],"wp:attachment":[{"href":"https:\/\/zborsolidarity.eu\/en\/wp-json\/wp\/v2\/media?parent=2517"}],"curies":[{"name":"wp","href":"https:\/\/api.w.org\/{rel}","templated":true}]}}