{"id":2540,"date":"2021-05-07T07:40:00","date_gmt":"2021-05-07T07:40:00","guid":{"rendered":"https:\/\/zborsolidarity.eu\/?page_id=2540"},"modified":"2024-12-04T15:50:22","modified_gmt":"2024-12-04T14:50:22","slug":"projekty-v-oblasti-solidarity","status":"publish","type":"page","link":"https:\/\/zborsolidarity.eu\/en\/projekty-v-oblasti-solidarity\/","title":{"rendered":"Projekty v oblasti solidarity"},"content":{"rendered":"\t\t<div data-elementor-type=\"wp-page\" data-elementor-id=\"2540\" class=\"elementor elementor-2540\">\n\t\t\t\t\t\t<section class=\"elementor-section elementor-top-section elementor-element elementor-element-9bddb00 elementor-reverse-tablet elementor-reverse-mobile elementor-section-boxed elementor-section-height-default elementor-section-height-default\" data-id=\"9bddb00\" data-element_type=\"section\" data-e-type=\"section\">\n\t\t\t\t\t\t<div class=\"elementor-container elementor-column-gap-default\">\n\t\t\t\t\t<div class=\"aux-parallax-section elementor-column elementor-col-50 elementor-top-column elementor-element elementor-element-d87a060 aux-appear-watch-animation aux-fade-in-up\" data-id=\"d87a060\" data-element_type=\"column\" data-e-type=\"column\">\n\t\t\t<div class=\"elementor-widget-wrap elementor-element-populated\">\n\t\t\t\t\t\t<div class=\"elementor-element elementor-element-de07ad3 elementor-widget elementor-widget-text-editor\" data-id=\"de07ad3\" data-element_type=\"widget\" data-e-type=\"widget\" data-widget_type=\"text-editor.default\">\n\t\t\t\t<div class=\"elementor-widget-container\">\n\t\t\t\t\t\t\t\t\t\n<p>Projekty v oblasti solidarity pon\u00fakaj\u00fa mlad\u00fdm \u013eu\u010fom <strong>mo\u017enos\u0165 sebarealiz\u00e1cie vo svojej komunite<\/strong>. Skupine najmenej piatich mlad\u00fdch \u013eud\u00ed d\u00e1vaj\u00fa mo\u017enos\u0165 vyjadri\u0165 solidaritu t\u00fdm, \u017ee na seba vezm\u00fa zodpovednos\u0165 a zavia\u017eu sa k tomu, \u017ee vo svojej miestnej komunite dosiahnu pozit\u00edvnu zmenu.<\/p>\n\t\t\t\t\t\t\t\t<\/div>\n\t\t\t\t<\/div>\n\t\t\t\t<div class=\"elementor-element elementor-element-d0bd59a elementor-widget elementor-widget-text-editor\" data-id=\"d0bd59a\" data-element_type=\"widget\" data-e-type=\"widget\" data-widget_type=\"text-editor.default\">\n\t\t\t\t<div class=\"elementor-widget-container\">\n\t\t\t\t\t\t\t\t\t\n<p><strong>Projekt by mal ma\u0165 jasne ur\u010den\u00fa t\u00e9mu<\/strong>, ktorej sa chce skupina mlad\u00fdch \u013eud\u00ed venova\u0165 a ktor\u00fa treba premietnu\u0165 do konkr\u00e9tnych ka\u017edodenn\u00fdch \u010dinnost\u00ed projektu, a mali by do\u0148 by\u0165 zapojen\u00ed v\u0161etci \u00fa\u010dastn\u00edci. Projekty v oblasti solidarity by mali rie\u0161i\u0165 k\u013e\u00fa\u010dov\u00e9 v\u00fdzvy v komunit\u00e1ch, no mali by vytv\u00e1ra\u0165 aj jasn\u00fa eur\u00f3psku pridan\u00fa hodnotu. \u00da\u010das\u0165 na projekte v oblasti solidarity predstavuje d\u00f4le\u017eit\u00fa sk\u00fasenos\u0165 neform\u00e1lneho vzdel\u00e1vania, prostredn\u00edctvom ktorej mlad\u00ed \u013eudia m\u00f4\u017eu zlep\u0161i\u0165 svoj osobn\u00fd, vzdel\u00e1vac\u00ed, soci\u00e1lny a ob\u010diansky rozvoj.<\/p>\n\t\t\t\t\t\t\t\t<\/div>\n\t\t\t\t<\/div>\n\t\t\t\t<div class=\"elementor-element elementor-element-54cb4ad elementor-widget elementor-widget-text-editor\" data-id=\"54cb4ad\" data-element_type=\"widget\" data-e-type=\"widget\" data-widget_type=\"text-editor.default\">\n\t\t\t\t<div class=\"elementor-widget-container\">\n\t\t\t\t\t\t\t\t\t<p><\/p>\n<p>Projekty v oblasti solidarity <strong>m\u00f4\u017eu trva\u0165 od 2 do 12 mesiacov<\/strong>. Na realiz\u00e1ciu projektu m\u00f4\u017eete z\u00edska\u0165 finan\u010dn\u00fa podporu cez program Eur\u00f3psky zbor solidarity <strong>a\u017e do v\u00fd\u0161ky 7 560 Eur<\/strong> na jeden kalend\u00e1rny rok (630 \u20ac\/mesiac)<\/p>\n<p><\/p>\t\t\t\t\t\t\t\t<\/div>\n\t\t\t\t<\/div>\n\t\t\t\t<div class=\"elementor-element elementor-element-cd9ecde elementor-widget elementor-widget-text-editor\" data-id=\"cd9ecde\" data-element_type=\"widget\" data-e-type=\"widget\" data-widget_type=\"text-editor.default\">\n\t\t\t\t<div class=\"elementor-widget-container\">\n\t\t\t\t\t\t\t\t\t<p><\/p>\n<p>Mlad\u00fdch \u013eud\u00ed, ktor\u00ed vykon\u00e1vaj\u00fa projekt v oblasti solidarity, <strong>m\u00f4\u017ee podporova\u0165 kou\u010d<\/strong>. Kou\u010d je osoba, ktor\u00e1 by mala ma\u0165 sk\u00fasenosti v oblasti pr\u00e1ce s ml\u00e1de\u017eou, a ktor\u00e1 nie je zapojen\u00e1 do realiz\u00e1cie projektu, teda je nestrann\u00e1. Kou\u010d sprev\u00e1dza skupinu mlad\u00fdch \u013eud\u00ed procesom realiz\u00e1cie projektu, teda pri pr\u00edprave, vykon\u00e1van\u00ed a hodnoten\u00ed projektu. Z\u00e1rove\u0148 m\u00f4\u017ee u\u013eah\u010dova\u0165 a podporova\u0165 kvalitu vzdel\u00e1vacieho procesu a pom\u00e1ha\u0165 pri identifikovan\u00ed a dokumentovan\u00ed vzdel\u00e1vac\u00edch v\u00fdstupov na konci projektu. Skupina mlad\u00fdch \u013eud\u00ed m\u00f4\u017ee v z\u00e1vislosti od svojich potrieb vyu\u017e\u00edva\u0165 podporu jedn\u00e9ho alebo viacer\u00fdch kou\u010dov. Ako N\u00e1rodn\u00e1 agent\u00fara vid\u00edme <strong>obrovsk\u00fd potenci\u00e1l pr\u00e1ve v spolupr\u00e1ci mlad\u00fdch \u013eud\u00ed s kou\u010dom<\/strong>. Preto sme pri\u0161li s my\u0161lienkou vytvori\u0165 vlastn\u00fd t\u00edm kou\u010dov. T\u00edm je zlo\u017een\u00fd z 12 kou\u010dov, ktor\u00ed poch\u00e1dzaj\u00fa z r\u00f4znych regi\u00f3nov Slovenska. Ka\u017ed\u00fd kou\u010d m\u00e1 svoj vlastn\u00fd pr\u00edbeh, ako sa dostal ku kou\u010dingu, ale \u010do maj\u00fa spolo\u010dn\u00e9, je dostatok sk\u00fasenost\u00ed v pr\u00e1ci s ml\u00e1de\u017eou, s neform\u00e1lnym vzdel\u00e1van\u00edm a poslanie pom\u00e1ha\u0165 mlad\u00fdm \u013eu\u010fom. Viac o na\u0161om t\u00edme si pre\u010d\u00edtate <a href=\"https:\/\/eurodesk.sk\/pool-koucov\/\"><strong>tu<\/strong><\/a>.<\/p>\n<p><\/p>\t\t\t\t\t\t\t\t<\/div>\n\t\t\t\t<\/div>\n\t\t\t\t<div class=\"elementor-element elementor-element-3fd8ac6 aux-appear-watch-animation aux-fade-in-up-1 elementor-widget elementor-widget-aux_button\" data-id=\"3fd8ac6\" data-element_type=\"widget\" data-e-type=\"widget\" data-widget_type=\"aux_button.default\">\n\t\t\t\t<div class=\"elementor-widget-container\">\n\t\t\t\t\t<a  href=\"https:\/\/eurodesk.sk\/pool-koucov\/\" target=\"_blank\"   class=\"aux-button aux-small aux-carmine-pink aux-curve aux-none aux-uppercase\" ><span class=\"aux-overlay\"><\/span><span class=\"aux-text\">Spoznajte na\u0161ich kou\u010dov<\/span><\/a>\t\t\t\t<\/div>\n\t\t\t\t<\/div>\n\t\t\t\t\t<\/div>\n\t\t<\/div>\n\t\t\t\t<div class=\"aux-parallax-section elementor-column elementor-col-50 elementor-top-column elementor-element elementor-element-5865e56\" data-id=\"5865e56\" data-element_type=\"column\" data-e-type=\"column\">\n\t\t\t<div class=\"elementor-widget-wrap elementor-element-populated\">\n\t\t\t\t\t\t<div class=\"elementor-element elementor-element-9ff08ff elementor-invisible elementor-widget elementor-widget-image\" data-id=\"9ff08ff\" data-element_type=\"widget\" data-e-type=\"widget\" data-settings=\"{&quot;_animation&quot;:&quot;fadeInRight&quot;}\" data-widget_type=\"image.default\">\n\t\t\t\t<div class=\"elementor-widget-container\">\n\t\t\t\t\t\t\t\t\t\t\t\t\t\t\t<img fetchpriority=\"high\" decoding=\"async\" width=\"626\" height=\"417\" src=\"https:\/\/zborsolidarity.eu\/wp-content\/uploads\/2021\/05\/projekty-v-oblasti-solidarity.jpg\" class=\"elementor-animation-rotate attachment-full size-full wp-image-2710\" alt=\"\" \/>\t\t\t\t\t\t\t\t\t\t\t\t\t\t\t<\/div>\n\t\t\t\t<\/div>\n\t\t\t\t<div class=\"elementor-element elementor-element-d79d3c4 elementor-widget elementor-widget-text-editor\" data-id=\"d79d3c4\" data-element_type=\"widget\" data-e-type=\"widget\" data-widget_type=\"text-editor.default\">\n\t\t\t\t<div class=\"elementor-widget-container\">\n\t\t\t\t\t\t\t\t\t<p><\/p>\n<p><\/p>\n<p>Ak h\u013ead\u00e1te konkr\u00e9tne rady a tipy, ako za\u010da\u0165 s realiz\u00e1ciou vlastn\u00e9ho projektu, tak viac o projektoch v oblasti solidarity si m\u00f4\u017eete pre\u010d\u00edta\u0165\u00a0<b><a href=\"https:\/\/www.iuventa.sk\/produkt\/solidaritou-k-zmene\/\">tu<\/a><\/b>. Ak h\u013ead\u00e1te in\u0161pir\u00e1ciu na va\u0161e projekty, tak\u00a0 viac pr\u00edkladov u\u017e realizovan\u00fdch projektov n\u00e1jdete\u00a0<a href=\"https:\/\/eurodesk.sk\/25464-2\/\" target=\"_blank\" rel=\"noopener\"><b>tu<\/b><\/a>. Ak h\u013ead\u00e1te in\u0161pir\u00e1ciu z medzin\u00e1rodn\u00e9ho prostredia, tak linky na str\u00e1nky a pr\u00edklady projektov z in\u00fdch kraj\u00edn n\u00e1jdete v \u010dl\u00e1nku, ktor\u00fd je uverejnen\u00fd\u00a0<a href=\"https:\/\/eurodesk.sk\/2022\/03\/18\/solidarita-v-akcii-co-robi-projekty-v-oblasti-solidarity-skvelymi\/\" target=\"_blank\" rel=\"noopener\"><b>tu<\/b><\/a>.\u00a0<\/p>\n<p><\/p>\n<p><\/p>\n<p><\/p>\t\t\t\t\t\t\t\t<\/div>\n\t\t\t\t<\/div>\n\t\t\t\t<div class=\"elementor-element elementor-element-50dba3a aux-appear-watch-animation aux-fade-in-up-1 elementor-widget elementor-widget-aux_button\" data-id=\"50dba3a\" data-element_type=\"widget\" data-e-type=\"widget\" data-widget_type=\"aux_button.default\">\n\t\t\t\t<div class=\"elementor-widget-container\">\n\t\t\t\t\t<a  href=\"https:\/\/eurodesk.sk\/25464-2\/\" target=\"_blank\"   class=\"aux-button aux-small aux-carmine-pink aux-curve aux-none aux-uppercase\" ><span class=\"aux-overlay\"><\/span><span class=\"aux-text\">Pr\u00edklady projektov v oblasti solidarity<\/span><\/a>\t\t\t\t<\/div>\n\t\t\t\t<\/div>\n\t\t\t\t\t<\/div>\n\t\t<\/div>\n\t\t\t\t\t<\/div>\n\t\t<\/section>\n\t\t\t\t<\/div>\n\t\t","protected":false},"excerpt":{"rendered":"<p>Projekty v oblasti solidarity pon\u00fakaj\u00fa mlad\u00fdm \u013eu\u010fom mo\u017enos\u0165 sebarealiz\u00e1cie vo svojej komunite. Skupine najmenej piatich mlad\u00fdch \u013eud\u00ed d\u00e1vaj\u00fa mo\u017enos\u0165 vyjadri\u0165 solidaritu t\u00fdm, \u017ee na seba vezm\u00fa zodpovednos\u0165 a zavia\u017eu sa&#8230;<\/p>\n","protected":false},"author":3,"featured_media":0,"parent":0,"menu_order":0,"comment_status":"closed","ping_status":"closed","template":"","meta":{"footnotes":""},"class_list":["post-2540","page","type-page","status-publish","hentry"],"translation":{"provider":"WPGlobus","version":"3.0.2","language":"en","enabled_languages":["sk","en"],"languages":{"sk":{"title":true,"content":true,"excerpt":false},"en":{"title":false,"content":false,"excerpt":false}}},"yoast_head":"<!-- This site is optimized with the Yoast SEO plugin v26.9 - https:\/\/yoast.com\/product\/yoast-seo-wordpress\/ -->\n<title>Projekty v oblasti solidarity - European Solidarity Corps<\/title>\n<meta name=\"robots\" content=\"index, follow, max-snippet:-1, max-image-preview:large, max-video-preview:-1\" \/>\n<link rel=\"canonical\" href=\"https:\/\/zborsolidarity.eu\/projekty-v-oblasti-solidarity\/\" \/>\n<meta property=\"og:locale\" content=\"en_US\" \/>\n<meta property=\"og:type\" content=\"article\" \/>\n<meta property=\"og:title\" content=\"Projekty v oblasti solidarity - European Solidarity Corps\" \/>\n<meta property=\"og:url\" content=\"https:\/\/zborsolidarity.eu\/projekty-v-oblasti-solidarity\/\" \/>\n<meta property=\"og:site_name\" content=\"European Solidarity Corps\" \/>\n<meta property=\"article:modified_time\" content=\"2024-12-04T14:50:22+00:00\" \/>\n<meta property=\"og:image\" content=\"https:\/\/zborsolidarity.eu\/wp-content\/uploads\/2021\/05\/projekty-v-oblasti-solidarity.jpg\" \/>\n<meta name=\"twitter:card\" content=\"summary_large_image\" \/>\n<meta name=\"twitter:label1\" content=\"Est. reading time\" \/>\n\t<meta name=\"twitter:data1\" content=\"2 minutes\" \/>\n<script type=\"application\/ld+json\" class=\"yoast-schema-graph\">{\"@context\":\"https:\/\/schema.org\",\"@graph\":[{\"@type\":\"WebPage\",\"@id\":\"https:\/\/zborsolidarity.eu\/projekty-v-oblasti-solidarity\/\",\"url\":\"https:\/\/zborsolidarity.eu\/projekty-v-oblasti-solidarity\/\",\"name\":\"Projekty v oblasti solidarity - European Solidarity Corps\",\"isPartOf\":{\"@id\":\"https:\/\/zborsolidarity.eu\/#website\"},\"primaryImageOfPage\":{\"@id\":\"https:\/\/zborsolidarity.eu\/projekty-v-oblasti-solidarity\/#primaryimage\"},\"image\":{\"@id\":\"https:\/\/zborsolidarity.eu\/projekty-v-oblasti-solidarity\/#primaryimage\"},\"thumbnailUrl\":\"https:\/\/zborsolidarity.eu\/wp-content\/uploads\/2021\/05\/projekty-v-oblasti-solidarity.jpg\",\"datePublished\":\"2021-05-07T07:40:00+00:00\",\"dateModified\":\"2024-12-04T14:50:22+00:00\",\"breadcrumb\":{\"@id\":\"https:\/\/zborsolidarity.eu\/projekty-v-oblasti-solidarity\/#breadcrumb\"},\"inLanguage\":\"en-US\",\"potentialAction\":[{\"@type\":\"ReadAction\",\"target\":[\"https:\/\/zborsolidarity.eu\/projekty-v-oblasti-solidarity\/\"]}]},{\"@type\":\"ImageObject\",\"inLanguage\":\"en-US\",\"@id\":\"https:\/\/zborsolidarity.eu\/projekty-v-oblasti-solidarity\/#primaryimage\",\"url\":\"https:\/\/zborsolidarity.eu\/wp-content\/uploads\/2021\/05\/projekty-v-oblasti-solidarity.jpg\",\"contentUrl\":\"https:\/\/zborsolidarity.eu\/wp-content\/uploads\/2021\/05\/projekty-v-oblasti-solidarity.jpg\"},{\"@type\":\"BreadcrumbList\",\"@id\":\"https:\/\/zborsolidarity.eu\/projekty-v-oblasti-solidarity\/#breadcrumb\",\"itemListElement\":[{\"@type\":\"ListItem\",\"position\":1,\"name\":\"Domovsk\u00e1 str\u00e1nka\",\"item\":\"https:\/\/zborsolidarity.eu\/\"},{\"@type\":\"ListItem\",\"position\":2,\"name\":\"Projekty v oblasti solidarity\"}]},{\"@type\":\"WebSite\",\"@id\":\"https:\/\/zborsolidarity.eu\/#website\",\"url\":\"https:\/\/zborsolidarity.eu\/\",\"name\":\"European Solidarity Corps\",\"description\":\"\",\"publisher\":{\"@id\":\"https:\/\/zborsolidarity.eu\/#organization\"},\"potentialAction\":[{\"@type\":\"SearchAction\",\"target\":{\"@type\":\"EntryPoint\",\"urlTemplate\":\"https:\/\/zborsolidarity.eu\/?s={search_term_string}\"},\"query-input\":{\"@type\":\"PropertyValueSpecification\",\"valueRequired\":true,\"valueName\":\"search_term_string\"}}],\"inLanguage\":\"en-US\"},{\"@type\":\"Organization\",\"@id\":\"https:\/\/zborsolidarity.eu\/#organization\",\"name\":\"European Solidarity Corps\",\"url\":\"https:\/\/zborsolidarity.eu\/\",\"logo\":{\"@type\":\"ImageObject\",\"inLanguage\":\"en-US\",\"@id\":\"https:\/\/zborsolidarity.eu\/#\/schema\/logo\/image\/\",\"url\":\"https:\/\/zborsolidarity.eu\/wp-content\/uploads\/2020\/10\/zbor_solidarity_logo.png\",\"contentUrl\":\"https:\/\/zborsolidarity.eu\/wp-content\/uploads\/2020\/10\/zbor_solidarity_logo.png\",\"width\":600,\"height\":165,\"caption\":\"European Solidarity Corps\"},\"image\":{\"@id\":\"https:\/\/zborsolidarity.eu\/#\/schema\/logo\/image\/\"}}]}<\/script>\n<!-- \/ Yoast SEO plugin. -->","yoast_head_json":{"title":"Projekty v oblasti solidarity - European Solidarity Corps","robots":{"index":"index","follow":"follow","max-snippet":"max-snippet:-1","max-image-preview":"max-image-preview:large","max-video-preview":"max-video-preview:-1"},"canonical":"https:\/\/zborsolidarity.eu\/projekty-v-oblasti-solidarity\/","og_locale":"en_US","og_type":"article","og_title":"Projekty v oblasti solidarity - European Solidarity Corps","og_url":"https:\/\/zborsolidarity.eu\/projekty-v-oblasti-solidarity\/","og_site_name":"European Solidarity Corps","article_modified_time":"2024-12-04T14:50:22+00:00","og_image":[{"url":"https:\/\/zborsolidarity.eu\/wp-content\/uploads\/2021\/05\/projekty-v-oblasti-solidarity.jpg","type":"","width":"","height":""}],"twitter_card":"summary_large_image","twitter_misc":{"Est. reading time":"2 minutes"},"schema":{"@context":"https:\/\/schema.org","@graph":[{"@type":"WebPage","@id":"https:\/\/zborsolidarity.eu\/projekty-v-oblasti-solidarity\/","url":"https:\/\/zborsolidarity.eu\/projekty-v-oblasti-solidarity\/","name":"Projekty v oblasti solidarity - European Solidarity Corps","isPartOf":{"@id":"https:\/\/zborsolidarity.eu\/#website"},"primaryImageOfPage":{"@id":"https:\/\/zborsolidarity.eu\/projekty-v-oblasti-solidarity\/#primaryimage"},"image":{"@id":"https:\/\/zborsolidarity.eu\/projekty-v-oblasti-solidarity\/#primaryimage"},"thumbnailUrl":"https:\/\/zborsolidarity.eu\/wp-content\/uploads\/2021\/05\/projekty-v-oblasti-solidarity.jpg","datePublished":"2021-05-07T07:40:00+00:00","dateModified":"2024-12-04T14:50:22+00:00","breadcrumb":{"@id":"https:\/\/zborsolidarity.eu\/projekty-v-oblasti-solidarity\/#breadcrumb"},"inLanguage":"en-US","potentialAction":[{"@type":"ReadAction","target":["https:\/\/zborsolidarity.eu\/projekty-v-oblasti-solidarity\/"]}]},{"@type":"ImageObject","inLanguage":"en-US","@id":"https:\/\/zborsolidarity.eu\/projekty-v-oblasti-solidarity\/#primaryimage","url":"https:\/\/zborsolidarity.eu\/wp-content\/uploads\/2021\/05\/projekty-v-oblasti-solidarity.jpg","contentUrl":"https:\/\/zborsolidarity.eu\/wp-content\/uploads\/2021\/05\/projekty-v-oblasti-solidarity.jpg"},{"@type":"BreadcrumbList","@id":"https:\/\/zborsolidarity.eu\/projekty-v-oblasti-solidarity\/#breadcrumb","itemListElement":[{"@type":"ListItem","position":1,"name":"Domovsk\u00e1 str\u00e1nka","item":"https:\/\/zborsolidarity.eu\/"},{"@type":"ListItem","position":2,"name":"Projekty v oblasti solidarity"}]},{"@type":"WebSite","@id":"https:\/\/zborsolidarity.eu\/#website","url":"https:\/\/zborsolidarity.eu\/","name":"European Solidarity Corps","description":"","publisher":{"@id":"https:\/\/zborsolidarity.eu\/#organization"},"potentialAction":[{"@type":"SearchAction","target":{"@type":"EntryPoint","urlTemplate":"https:\/\/zborsolidarity.eu\/?s={search_term_string}"},"query-input":{"@type":"PropertyValueSpecification","valueRequired":true,"valueName":"search_term_string"}}],"inLanguage":"en-US"},{"@type":"Organization","@id":"https:\/\/zborsolidarity.eu\/#organization","name":"European Solidarity Corps","url":"https:\/\/zborsolidarity.eu\/","logo":{"@type":"ImageObject","inLanguage":"en-US","@id":"https:\/\/zborsolidarity.eu\/#\/schema\/logo\/image\/","url":"https:\/\/zborsolidarity.eu\/wp-content\/uploads\/2020\/10\/zbor_solidarity_logo.png","contentUrl":"https:\/\/zborsolidarity.eu\/wp-content\/uploads\/2020\/10\/zbor_solidarity_logo.png","width":600,"height":165,"caption":"European Solidarity Corps"},"image":{"@id":"https:\/\/zborsolidarity.eu\/#\/schema\/logo\/image\/"}}]}},"_links":{"self":[{"href":"https:\/\/zborsolidarity.eu\/en\/wp-json\/wp\/v2\/pages\/2540","targetHints":{"allow":["GET"]}}],"collection":[{"href":"https:\/\/zborsolidarity.eu\/en\/wp-json\/wp\/v2\/pages"}],"about":[{"href":"https:\/\/zborsolidarity.eu\/en\/wp-json\/wp\/v2\/types\/page"}],"author":[{"embeddable":true,"href":"https:\/\/zborsolidarity.eu\/en\/wp-json\/wp\/v2\/users\/3"}],"replies":[{"embeddable":true,"href":"https:\/\/zborsolidarity.eu\/en\/wp-json\/wp\/v2\/comments?post=2540"}],"version-history":[{"count":37,"href":"https:\/\/zborsolidarity.eu\/en\/wp-json\/wp\/v2\/pages\/2540\/revisions"}],"predecessor-version":[{"id":4127,"href":"https:\/\/zborsolidarity.eu\/en\/wp-json\/wp\/v2\/pages\/2540\/revisions\/4127"}],"wp:attachment":[{"href":"https:\/\/zborsolidarity.eu\/en\/wp-json\/wp\/v2\/media?parent=2540"}],"curies":[{"name":"wp","href":"https:\/\/api.w.org\/{rel}","templated":true}]}}